{"id":212,"date":"2020-07-22T10:23:13","date_gmt":"2020-07-22T10:23:13","guid":{"rendered":"https:\/\/www.labaterase.lv\/?page_id=212"},"modified":"2020-07-22T10:23:14","modified_gmt":"2020-07-22T10:23:14","slug":"katalogs","status":"publish","type":"page","link":"https:\/\/www.labaterase.lv\/index.php\/katalogs\/?lang=en","title":{"rendered":"Katalogs"},"content":{"rendered":"\n<p class=\"has-large-font-size\"><strong>Par<\/strong>&nbsp;Solidor<\/p>\n\n\n\n<p>Spied \u0161eit, lai uzin\u0101tu detaliz\u0113tu info par :&nbsp;<strong><a rel=\"noreferrer noopener\" href=\"http:\/\/www.labaterase.lv\/wp-content\/uploads\/2020\/06\/Solidor-lab3.pdf\" target=\"_blank\">Solido<\/a><\/strong><a rel=\"noreferrer noopener\" href=\"http:\/\/www.labaterase.lv\/wp-content\/uploads\/2020\/06\/Solidor-lab3.pdf\" target=\"_blank\"><strong>r<\/strong><\/a><\/p>\n\n\n\n<p class=\"has-large-font-size\"><strong>Cenu<\/strong>&nbsp;katalogi<\/p>\n\n\n\n<figure class=\"wp-block-gallery columns-3 is-cropped\"><ul class=\"blocks-gallery-grid\"><li class=\"blocks-gallery-item\"><figure>\n<a href=\"https:\/\/www.labaterase.lv\/wp-content\/uploads\/2020\/06\/EN-price-list-structusol.pdf\">\n<img loading=\"lazy\" decoding=\"async\" width=\"588\" height=\"588\" src=\"https:\/\/www.labaterase.lv\/wp-content\/uploads\/2020\/06\/structusol.jpg\" alt=\"\" data-id=\"171\" class=\"wp-image-171\" srcset=\"https:\/\/www.labaterase.lv\/wp-content\/uploads\/2020\/06\/structusol.jpg 588w, https:\/\/www.labaterase.lv\/wp-content\/uploads\/2020\/06\/structusol-300x300.jpg 300w, https:\/\/www.labaterase.lv\/wp-content\/uploads\/2020\/06\/structusol-150x150.jpg 150w, https:\/\/www.labaterase.lv\/wp-content\/uploads\/2020\/06\/structusol-100x100.jpg 100w, https:\/\/www.labaterase.lv\/wp-content\/uploads\/2020\/06\/structusol-250x250.jpg 250w, https:\/\/www.labaterase.lv\/wp-content\/uploads\/2020\/06\/structusol-350x350.jpg 350w\" sizes=\"auto, (max-width: 588px) 100vw, 588px\" \/>\n<\/a>\n<\/figure><\/li><li class=\"blocks-gallery-item\"><figure>\n<a href=\"https:\/\/www.labaterase.lv\/wp-content\/uploads\/2020\/06\/EN-price-list-comfort.pdf\">\n<img loading=\"lazy\" decoding=\"async\" width=\"588\" height=\"588\" src=\"https:\/\/www.labaterase.lv\/wp-content\/uploads\/2020\/06\/comfort.jpg\" alt=\"\" data-id=\"173\" data-full-url=\"https:\/\/www.labaterase.lv\/wp-content\/uploads\/2020\/06\/comfort.jpg\" data-link=\"https:\/\/www.labaterase.lv\/index.php\/homepage\/comfort\/\" class=\"wp-image-173\" srcset=\"https:\/\/www.labaterase.lv\/wp-content\/uploads\/2020\/06\/comfort.jpg 588w, https:\/\/www.labaterase.lv\/wp-content\/uploads\/2020\/06\/comfort-300x300.jpg 300w, https:\/\/www.labaterase.lv\/wp-content\/uploads\/2020\/06\/comfort-150x150.jpg 150w, https:\/\/www.labaterase.lv\/wp-content\/uploads\/2020\/06\/comfort-100x100.jpg 100w, https:\/\/www.labaterase.lv\/wp-content\/uploads\/2020\/06\/comfort-250x250.jpg 250w, https:\/\/www.labaterase.lv\/wp-content\/uploads\/2020\/06\/comfort-350x350.jpg 350w\" sizes=\"auto, (max-width: 588px) 100vw, 588px\" \/>\n<\/a>\n<\/figure><\/li><li class=\"blocks-gallery-item\"><figure>\n<a href=\"https:\/\/www.labaterase.lv\/wp-content\/uploads\/2020\/06\/EN-price-list-premium.pdf\">\n<img loading=\"lazy\" decoding=\"async\" width=\"588\" height=\"588\" src=\"https:\/\/www.labaterase.lv\/wp-content\/uploads\/2020\/06\/premium.jpg\" alt=\"\" data-id=\"175\" data-full-url=\"https:\/\/www.labaterase.lv\/wp-content\/uploads\/2020\/06\/premium.jpg\" data-link=\"https:\/\/www.labaterase.lv\/index.php\/homepage\/premium\/\" class=\"wp-image-175\" srcset=\"https:\/\/www.labaterase.lv\/wp-content\/uploads\/2020\/06\/premium.jpg 588w, https:\/\/www.labaterase.lv\/wp-content\/uploads\/2020\/06\/premium-300x300.jpg 300w, https:\/\/www.labaterase.lv\/wp-content\/uploads\/2020\/06\/premium-150x150.jpg 150w, https:\/\/www.labaterase.lv\/wp-content\/uploads\/2020\/06\/premium-100x100.jpg 100w, https:\/\/www.labaterase.lv\/wp-content\/uploads\/2020\/06\/premium-250x250.jpg 250w, https:\/\/www.labaterase.lv\/wp-content\/uploads\/2020\/06\/premium-350x350.jpg 350w\" sizes=\"auto, (max-width: 588px) 100vw, 588px\" \/>\n<\/a><\/figure><\/li><\/ul><\/figure>\n","protected":false},"excerpt":{"rendered":"<p>Par&nbsp;Solidor Spied \u0161eit, lai uzin\u0101tu detaliz\u0113tu info par :&nbsp;Solidor Cenu&nbsp;katalogi<\/p>\n","protected":false},"author":1,"featured_media":0,"parent":0,"menu_order":0,"comment_status":"closed","ping_status":"closed","template":"","meta":{"footnotes":""},"class_list":["post-212","page","type-page","status-publish","hentry"],"_links":{"self":[{"href":"https:\/\/www.labaterase.lv\/index.php\/wp-json\/wp\/v2\/pages\/212","targetHints":{"allow":["GET"]}}],"collection":[{"href":"https:\/\/www.labaterase.lv\/index.php\/wp-json\/wp\/v2\/pages"}],"about":[{"href":"https:\/\/www.labaterase.lv\/index.php\/wp-json\/wp\/v2\/types\/page"}],"author":[{"embeddable":true,"href":"https:\/\/www.labaterase.lv\/index.php\/wp-json\/wp\/v2\/users\/1"}],"replies":[{"embeddable":true,"href":"https:\/\/www.labaterase.lv\/index.php\/wp-json\/wp\/v2\/comments?post=212"}],"version-history":[{"count":1,"href":"https:\/\/www.labaterase.lv\/index.php\/wp-json\/wp\/v2\/pages\/212\/revisions"}],"predecessor-version":[{"id":213,"href":"https:\/\/www.labaterase.lv\/index.php\/wp-json\/wp\/v2\/pages\/212\/revisions\/213"}],"wp:attachment":[{"href":"https:\/\/www.labaterase.lv\/index.php\/wp-json\/wp\/v2\/media?parent=212"}],"curies":[{"name":"wp","href":"https:\/\/api.w.org\/{rel}","templated":true}]}}